{"id":923,"date":"2018-03-20T15:54:16","date_gmt":"2018-03-20T14:54:16","guid":{"rendered":"https:\/\/www.industryisin.bz.it\/?page_id=923"},"modified":"2018-04-27T17:33:41","modified_gmt":"2018-04-27T15:33:41","slug":"ueber-uns","status":"publish","type":"page","link":"https:\/\/www.industryisin.bz.it\/de\/ueber-uns\/","title":{"rendered":"\u00dcber uns"},"content":{"rendered":"<p><img decoding=\"async\" loading=\"lazy\" class=\"wp-image-1028 aligncenter\" src=\"https:\/\/www.industryisin.bz.it\/wp-content\/uploads\/2018\/04\/Industrie-4.0-Tablet-300x129.jpg\" alt=\"\" width=\"692\" height=\"298\" srcset=\"https:\/\/www.industryisin.bz.it\/wp-content\/uploads\/2018\/04\/Industrie-4.0-Tablet-300x129.jpg 300w, https:\/\/www.industryisin.bz.it\/wp-content\/uploads\/2018\/04\/Industrie-4.0-Tablet.jpg 710w\" sizes=\"(max-width: 692px) 100vw, 692px\" \/><br \/>\nWenn man an S\u00fcdtirol denkt, so fallen den meisten zuerst die Natur, die wunderbare Landschaft, die beeindruckenden Berge, die hohe Lebensqualit\u00e4t, das mediterrane Lebensgef\u00fchl, die typischen Produkte wie Wein, Speck und \u00c4pfel oder die unz\u00e4hligen Sportm\u00f6glichkeiten im Winter wie im Sommer ein. Doch S\u00fcdtirol ist viel mehr, und es lohnt sich, genauer hinzusehen &#8211; es gibt n\u00e4mlich viel zu entdecken!<\/p>\n<p>Wer aufmerksam hinschaut, wird merken, dass S\u00fcdtirol auch &#8211; bzw. insbesondere &#8211; ein Land mit zahlreichen erfolgreichen Unternehmen ist. Die Industriebetriebe und die damit verbundenen Dienstleistungen schaffen 25 Prozent des Wohlstands des Landes, sie sind Arbeitgeber f\u00fcr 50.000 Menschen. Fast 90 Prozent der Arbeitspl\u00e4tze dieser Unternehmen sind unbefristet und die Entlohnung liegt deutlich \u00fcber dem S\u00fcdtiroler Durchschnitt. Diese Betriebe sichern 85 Prozent des S\u00fcdtiroler Exports und 70 Prozent der Investitionen in Forschung und Entwicklung.<\/p>\n<p>Mit diesem Blog will der Unternehmerverband S\u00fcdtirol &#8211; die territoriale Vertretung des italienischen Industriellenverbandes Confindustria &#8211; auf die zahlreichen herausragenden Betriebe aus der Industrie und den industrienahen Dienstleistungen aufmerksam machen, und zwar durch Geschichten aus Unternehmen, \u00fcber Unternehmer und Mitarbeiter.<\/p>\n<p>Wir m\u00f6chten euch auf dieser faszinierenden Reise durch die S\u00fcdtiroler Unternehmenslandschaft begleiten und w\u00fcnschen gute Unterhaltung beim Lesen!<\/p>\n","protected":false},"excerpt":{"rendered":"<p>Wenn man an S\u00fcdtirol denkt, so fallen den meisten zuerst die Natur, die wunderbare Landschaft, die beeindruckenden Berge, die hohe Lebensqualit\u00e4t, das mediterrane Lebensgef\u00fchl, die typischen Produkte wie Wein, Speck und \u00c4pfel oder die unz\u00e4hligen Sportm\u00f6glichkeiten im Winter wie im Sommer ein. Doch S\u00fcdtirol ist viel mehr, und es lohnt sich, genauer hinzusehen &#8211; es [&hellip;]<\/p>\n","protected":false},"author":8,"featured_media":0,"parent":0,"menu_order":0,"comment_status":"closed","ping_status":"closed","template":"","meta":{"footnotes":""},"acf":[],"yoast_head":"<!-- This site is optimized with the Yoast SEO plugin v21.4 - https:\/\/yoast.com\/wordpress\/plugins\/seo\/ -->\n<title>\u00dcber uns - Industry is IN<\/title>\n<meta name=\"robots\" content=\"index, follow, max-snippet:-1, max-image-preview:large, max-video-preview:-1\" \/>\n<link rel=\"canonical\" href=\"https:\/\/www.madeinbz.info\/de\/ueber-uns\/\" \/>\n<meta property=\"og:locale\" content=\"de_DE\" \/>\n<meta property=\"og:type\" content=\"article\" \/>\n<meta property=\"og:title\" content=\"\u00dcber uns - Industry is IN\" \/>\n<meta property=\"og:description\" content=\"Wenn man an S\u00fcdtirol denkt, so fallen den meisten zuerst die Natur, die wunderbare Landschaft, die beeindruckenden Berge, die hohe Lebensqualit\u00e4t, das mediterrane Lebensgef\u00fchl, die typischen Produkte wie Wein, Speck und \u00c4pfel oder die unz\u00e4hligen Sportm\u00f6glichkeiten im Winter wie im Sommer ein. Doch S\u00fcdtirol ist viel mehr, und es lohnt sich, genauer hinzusehen &#8211; es [&hellip;]\" \/>\n<meta property=\"og:url\" content=\"https:\/\/www.madeinbz.info\/de\/ueber-uns\/\" \/>\n<meta property=\"og:site_name\" content=\"Industry is IN\" \/>\n<meta property=\"article:modified_time\" content=\"2018-04-27T15:33:41+00:00\" \/>\n<meta property=\"og:image\" content=\"https:\/\/www.madeinbz.info\/wp-content\/uploads\/2018\/04\/Industrie-4.0-Tablet-300x129.jpg\" \/>\n<meta name=\"twitter:card\" content=\"summary_large_image\" \/>\n<meta name=\"twitter:label1\" content=\"Gesch\u00e4tzte Lesezeit\" \/>\n\t<meta name=\"twitter:data1\" content=\"1 Minute\" \/>\n<script type=\"application\/ld+json\" class=\"yoast-schema-graph\">{\"@context\":\"https:\/\/schema.org\",\"@graph\":[{\"@type\":\"WebPage\",\"@id\":\"https:\/\/www.madeinbz.info\/de\/ueber-uns\/\",\"url\":\"https:\/\/www.madeinbz.info\/de\/ueber-uns\/\",\"name\":\"\u00dcber uns - Industry is IN\",\"isPartOf\":{\"@id\":\"https:\/\/www.madeinbz.info\/#website\"},\"datePublished\":\"2018-03-20T14:54:16+00:00\",\"dateModified\":\"2018-04-27T15:33:41+00:00\",\"breadcrumb\":{\"@id\":\"https:\/\/www.madeinbz.info\/de\/ueber-uns\/#breadcrumb\"},\"inLanguage\":\"de-DE\",\"potentialAction\":[{\"@type\":\"ReadAction\",\"target\":[\"https:\/\/www.madeinbz.info\/de\/ueber-uns\/\"]}]},{\"@type\":\"BreadcrumbList\",\"@id\":\"https:\/\/www.madeinbz.info\/de\/ueber-uns\/#breadcrumb\",\"itemListElement\":[{\"@type\":\"ListItem\",\"position\":1,\"name\":\"Home\",\"item\":\"https:\/\/www.madeinbz.info\/\"},{\"@type\":\"ListItem\",\"position\":2,\"name\":\"\u00dcber uns\"}]},{\"@type\":\"WebSite\",\"@id\":\"https:\/\/www.madeinbz.info\/#website\",\"url\":\"https:\/\/www.madeinbz.info\/\",\"name\":\"Industry is IN\",\"description\":\"Storie di aziende e persone dell\u2019industria altoatesina\",\"potentialAction\":[{\"@type\":\"SearchAction\",\"target\":{\"@type\":\"EntryPoint\",\"urlTemplate\":\"https:\/\/www.madeinbz.info\/?s={search_term_string}\"},\"query-input\":\"required name=search_term_string\"}],\"inLanguage\":\"de-DE\"}]}<\/script>\n<!-- \/ Yoast SEO plugin. -->","yoast_head_json":{"title":"\u00dcber uns - Industry is IN","robots":{"index":"index","follow":"follow","max-snippet":"max-snippet:-1","max-image-preview":"max-image-preview:large","max-video-preview":"max-video-preview:-1"},"canonical":"https:\/\/www.madeinbz.info\/de\/ueber-uns\/","og_locale":"de_DE","og_type":"article","og_title":"\u00dcber uns - Industry is IN","og_description":"Wenn man an S\u00fcdtirol denkt, so fallen den meisten zuerst die Natur, die wunderbare Landschaft, die beeindruckenden Berge, die hohe Lebensqualit\u00e4t, das mediterrane Lebensgef\u00fchl, die typischen Produkte wie Wein, Speck und \u00c4pfel oder die unz\u00e4hligen Sportm\u00f6glichkeiten im Winter wie im Sommer ein. Doch S\u00fcdtirol ist viel mehr, und es lohnt sich, genauer hinzusehen &#8211; es [&hellip;]","og_url":"https:\/\/www.madeinbz.info\/de\/ueber-uns\/","og_site_name":"Industry is IN","article_modified_time":"2018-04-27T15:33:41+00:00","og_image":[{"url":"https:\/\/www.madeinbz.info\/wp-content\/uploads\/2018\/04\/Industrie-4.0-Tablet-300x129.jpg"}],"twitter_card":"summary_large_image","twitter_misc":{"Gesch\u00e4tzte Lesezeit":"1 Minute"},"schema":{"@context":"https:\/\/schema.org","@graph":[{"@type":"WebPage","@id":"https:\/\/www.madeinbz.info\/de\/ueber-uns\/","url":"https:\/\/www.madeinbz.info\/de\/ueber-uns\/","name":"\u00dcber uns - Industry is IN","isPartOf":{"@id":"https:\/\/www.madeinbz.info\/#website"},"datePublished":"2018-03-20T14:54:16+00:00","dateModified":"2018-04-27T15:33:41+00:00","breadcrumb":{"@id":"https:\/\/www.madeinbz.info\/de\/ueber-uns\/#breadcrumb"},"inLanguage":"de-DE","potentialAction":[{"@type":"ReadAction","target":["https:\/\/www.madeinbz.info\/de\/ueber-uns\/"]}]},{"@type":"BreadcrumbList","@id":"https:\/\/www.madeinbz.info\/de\/ueber-uns\/#breadcrumb","itemListElement":[{"@type":"ListItem","position":1,"name":"Home","item":"https:\/\/www.madeinbz.info\/"},{"@type":"ListItem","position":2,"name":"\u00dcber uns"}]},{"@type":"WebSite","@id":"https:\/\/www.madeinbz.info\/#website","url":"https:\/\/www.madeinbz.info\/","name":"Industry is IN","description":"Storie di aziende e persone dell\u2019industria altoatesina","potentialAction":[{"@type":"SearchAction","target":{"@type":"EntryPoint","urlTemplate":"https:\/\/www.madeinbz.info\/?s={search_term_string}"},"query-input":"required name=search_term_string"}],"inLanguage":"de-DE"}]}},"_links":{"self":[{"href":"https:\/\/www.industryisin.bz.it\/de\/wp-json\/wp\/v2\/pages\/923"}],"collection":[{"href":"https:\/\/www.industryisin.bz.it\/de\/wp-json\/wp\/v2\/pages"}],"about":[{"href":"https:\/\/www.industryisin.bz.it\/de\/wp-json\/wp\/v2\/types\/page"}],"author":[{"embeddable":true,"href":"https:\/\/www.industryisin.bz.it\/de\/wp-json\/wp\/v2\/users\/8"}],"replies":[{"embeddable":true,"href":"https:\/\/www.industryisin.bz.it\/de\/wp-json\/wp\/v2\/comments?post=923"}],"version-history":[{"count":6,"href":"https:\/\/www.industryisin.bz.it\/de\/wp-json\/wp\/v2\/pages\/923\/revisions"}],"predecessor-version":[{"id":1063,"href":"https:\/\/www.industryisin.bz.it\/de\/wp-json\/wp\/v2\/pages\/923\/revisions\/1063"}],"wp:attachment":[{"href":"https:\/\/www.industryisin.bz.it\/de\/wp-json\/wp\/v2\/media?parent=923"}],"curies":[{"name":"wp","href":"https:\/\/api.w.org\/{rel}","templated":true}]}}